{"id":9,"date":"2025-04-06T14:56:08","date_gmt":"2025-04-06T14:56:08","guid":{"rendered":"https:\/\/cyc-engineering.ch\/?page_id=9"},"modified":"2025-04-08T17:17:04","modified_gmt":"2025-04-08T17:17:04","slug":"home","status":"publish","type":"page","link":"https:\/\/cyc-engineering.ch\/","title":{"rendered":"Home"},"content":{"rendered":"\n<div class=\"wp-block-cover alignfull is-light hero-pattern\" style=\"min-height:34rem;aspect-ratio:unset;\"><span aria-hidden=\"true\" class=\"wp-block-cover__background has-background-dim-100 has-background-dim\" style=\"background-color:#f5f7fa\"><\/span><div class=\"wp-block-cover__inner-container is-layout-flow wp-block-cover-is-layout-flow\">\n<div class=\"wp-block-group is-layout-constrained wp-block-group-is-layout-constrained\">\n<div class=\"wp-block-columns alignwide p-animation-text-moveUp is-layout-flex wp-container-core-columns-is-layout-1b715042 wp-block-columns-is-layout-flex\">\n<div class=\"wp-block-column is-vertically-aligned-center is-layout-flow wp-block-column-is-layout-flow\">\n<h1 class=\"wp-block-heading has-text-primary-color has-text-color\">Geodata Acquisition &amp; Analysis <\/h1>\n\n\n\n<div style=\"height:8px\" aria-hidden=\"true\" class=\"wp-block-spacer\"><\/div>\n\n\n\n<p class=\"has-text-primary-color has-text-color\">Beratung rund um das Thema r\u00e4umliche Daten mit Spezialausrichtung Strasseninfrastruktur.<\/p>\n\n\n\n<div style=\"height:16px\" aria-hidden=\"true\" class=\"wp-block-spacer\"><\/div>\n\n\n\n<div class=\"wp-block-buttons is-layout-flex wp-block-buttons-is-layout-flex\">\n<div class=\"wp-block-button\"><a class=\"wp-block-button__link has-white-color has-text-color has-background has-link-color wp-element-button\" style=\"background-color:#4b7333\"><span>R<\/span>eferenzen<\/a><\/div>\n\n\n\n<div class=\"wp-block-button is-style-fill\"><a class=\"wp-block-button__link has-white-color has-text-color has-background wp-element-button\" style=\"border-radius:3px;background-color:#4b7333\"><span>K<\/span>ontakt<\/a><\/div>\n<\/div>\n<\/div>\n\n\n\n<div class=\"wp-block-column is-vertically-aligned-center is-layout-flow wp-block-column-is-layout-flow\">\n<figure class=\"wp-block-image size-full\"><img loading=\"lazy\" decoding=\"async\" width=\"2560\" height=\"1440\" src=\"https:\/\/cyc-engineering.ch\/wp-content\/uploads\/2025\/04\/IMG_7334-1-edited-scaled.jpg\" alt=\"\" class=\"wp-image-62\" srcset=\"https:\/\/cyc-engineering.ch\/wp-content\/uploads\/2025\/04\/IMG_7334-1-edited-scaled.jpg 2560w, https:\/\/cyc-engineering.ch\/wp-content\/uploads\/2025\/04\/IMG_7334-1-edited-300x169.jpg 300w, https:\/\/cyc-engineering.ch\/wp-content\/uploads\/2025\/04\/IMG_7334-1-edited-1024x576.jpg 1024w, https:\/\/cyc-engineering.ch\/wp-content\/uploads\/2025\/04\/IMG_7334-1-edited-768x432.jpg 768w, https:\/\/cyc-engineering.ch\/wp-content\/uploads\/2025\/04\/IMG_7334-1-edited-1536x864.jpg 1536w, https:\/\/cyc-engineering.ch\/wp-content\/uploads\/2025\/04\/IMG_7334-1-edited-2048x1152.jpg 2048w\" sizes=\"auto, (max-width: 2560px) 100vw, 2560px\" \/><\/figure>\n<\/div>\n<\/div>\n<\/div>\n<\/div><\/div>\n\n\n\n<div class=\"wp-block-group pattern-features p-animation-move-sideways is-layout-constrained wp-container-core-group-is-layout-5986cb94 wp-block-group-is-layout-constrained\" style=\"margin-top:0;margin-bottom:var(--wp--preset--spacing--xx-large);padding-top:0;padding-right:0;padding-bottom:0;padding-left:0\">\n<div class=\"wp-block-columns is-layout-flex wp-container-core-columns-is-layout-5ba13084 wp-block-columns-is-layout-flex\" style=\"padding-top:var(--wp--preset--spacing--large);padding-bottom:var(--wp--preset--spacing--large)\">\n<div class=\"wp-block-column is-vertically-aligned-center is-layout-flow wp-block-column-is-layout-flow\" style=\"padding-top:var(--wp--preset--spacing--large);padding-right:var(--wp--preset--spacing--small);padding-bottom:var(--wp--preset--spacing--large);padding-left:var(--wp--preset--spacing--small)\">\n<figure class=\"wp-block-image aligncenter size-full is-resized bk-duotone-primary\"><img decoding=\"async\" src=\"https:\/\/cyc-engineering.ch\/wp-content\/themes\/prespa\/assets\/img\/patterns\/icons\/user-friendly.svg\" alt=\"\" class=\"wp-image-253\" style=\"width:40px;height:40px\"\/><\/figure>\n\n\n\n<h5 class=\"wp-block-heading has-text-align-center\" style=\"padding-top:var(--wp--preset--spacing--xx-small);letter-spacing:-0.04em;line-height:1.1\">Praxis- &amp; prozessorientiert<\/h5>\n\n\n\n<p class=\"has-text-align-center\">Orientierung und Kalibrierung an Praxis und konkreten Anwendungsf\u00e4llen. <\/p>\n<\/div>\n\n\n\n<div class=\"wp-block-column is-vertically-aligned-center has-grey-background-color has-gray-background-color has-background is-layout-flow wp-block-column-is-layout-flow\" style=\"padding-top:var(--wp--preset--spacing--large);padding-right:var(--wp--preset--spacing--small);padding-bottom:var(--wp--preset--spacing--large);padding-left:var(--wp--preset--spacing--small)\">\n<figure class=\"wp-block-image aligncenter size-full is-resized bk-duotone-primary\"><img decoding=\"async\" src=\"https:\/\/cyc-engineering.ch\/wp-content\/themes\/prespa\/assets\/img\/patterns\/icons\/collaboration-support.svg\" alt=\"\" class=\"wp-image-254\" style=\"width:40px;height:40px\"\/><\/figure>\n\n\n\n<h5 class=\"wp-block-heading has-text-align-center\" style=\"padding-top:var(--wp--preset--spacing--xx-small);letter-spacing:-0.03em;line-height:1.1\">Quantitativ &amp; qualitativ<\/h5>\n\n\n\n<p class=\"has-text-align-center\">Abbildung von Sachverhalten in Text, Zahlen, Grafiken und\/oder Karten. Je nach Wunsch und Auftrag<\/p>\n<\/div>\n\n\n\n<div class=\"wp-block-column is-vertically-aligned-center is-layout-flow wp-block-column-is-layout-flow\" style=\"border-style:none;border-width:0px;padding-top:var(--wp--preset--spacing--large);padding-right:var(--wp--preset--spacing--small);padding-bottom:var(--wp--preset--spacing--large);padding-left:var(--wp--preset--spacing--small)\">\n<figure class=\"wp-block-image aligncenter size-full is-resized bk-duotone-primary wp-duotone-2253cb-2253cb-1\"><img decoding=\"async\" src=\"https:\/\/cyc-engineering.ch\/wp-content\/themes\/prespa\/assets\/img\/patterns\/icons\/advanced-analytics.svg\" alt=\"\" class=\"wp-image-256\" style=\"width:40px;height:40px\"\/><\/figure>\n\n\n\n<h5 class=\"wp-block-heading has-text-align-center\" style=\"padding-top:var(--wp--preset--spacing--xx-small);letter-spacing:-0.03em;line-height:1.1\">Einfach analytisch<\/h5>\n\n\n\n<p class=\"has-text-align-center\">Keep it simple. Komplexes muss nicht kompliziert sein. Schritt f\u00fcr Schritt, Teil f\u00fcr Teil.<\/p>\n<\/div>\n<\/div>\n<\/div>\n\n\n\n<div class=\"wp-block-group pattern-services is-layout-constrained wp-block-group-is-layout-constrained\" style=\"padding-top:var(--wp--preset--spacing--medium);padding-bottom:var(--wp--preset--spacing--medium)\">\n<h2 class=\"wp-block-heading has-text-align-center\">Unsere Dienstleistungen<\/h2>\n\n\n\n<p class=\"has-text-align-center\">Wir beraten und begleiten Sie kompetent, l\u00f6sungsorientiert und praxisbezogen bei Ihren Projekten in folgenden Bereichen:<\/p>\n\n\n\n<div style=\"height:1rem\" aria-hidden=\"true\" class=\"wp-block-spacer\"><\/div>\n\n\n\n<div class=\"wp-block-columns p-animation-move-sideways is-layout-flex wp-container-core-columns-is-layout-318252f0 wp-block-columns-is-layout-flex\">\n<div class=\"wp-block-column is-layout-flow wp-block-column-is-layout-flow\">\n<figure class=\"wp-block-image size-full\"><img loading=\"lazy\" decoding=\"async\" width=\"1365\" height=\"768\" src=\"https:\/\/cyc-engineering.ch\/wp-content\/uploads\/2025\/04\/f6f8fb11-910c-41b7-899d-e0c818be2c97-edited-1.jpeg\" alt=\"\" class=\"wp-image-68\" srcset=\"https:\/\/cyc-engineering.ch\/wp-content\/uploads\/2025\/04\/f6f8fb11-910c-41b7-899d-e0c818be2c97-edited-1.jpeg 1365w, https:\/\/cyc-engineering.ch\/wp-content\/uploads\/2025\/04\/f6f8fb11-910c-41b7-899d-e0c818be2c97-edited-1-300x169.jpeg 300w, https:\/\/cyc-engineering.ch\/wp-content\/uploads\/2025\/04\/f6f8fb11-910c-41b7-899d-e0c818be2c97-edited-1-1024x576.jpeg 1024w, https:\/\/cyc-engineering.ch\/wp-content\/uploads\/2025\/04\/f6f8fb11-910c-41b7-899d-e0c818be2c97-edited-1-768x432.jpeg 768w\" sizes=\"auto, (max-width: 1365px) 100vw, 1365px\" \/><\/figure>\n\n\n\n<div class=\"wp-block-group has-gray-background-color has-background is-layout-constrained wp-container-core-group-is-layout-dbf27b9b wp-block-group-is-layout-constrained\" style=\"padding-top:var(--wp--preset--spacing--small);padding-right:var(--wp--preset--spacing--small);padding-bottom:var(--wp--preset--spacing--small);padding-left:var(--wp--preset--spacing--small)\">\n<h3 class=\"wp-block-heading has-normal-font-size\">Erfassung von Geo- und Strassendaten<\/h3>\n\n\n\n<p class=\"has-normal-font-size\">Prim\u00e4r- und Sekund\u00e4rerfassungen anhand unterschiedlichster Grundlagen<\/p>\n<\/div>\n<\/div>\n\n\n\n<div class=\"wp-block-column is-layout-flow wp-block-column-is-layout-flow\">\n<figure class=\"wp-block-image size-full\"><img loading=\"lazy\" decoding=\"async\" width=\"2048\" height=\"923\" src=\"https:\/\/cyc-engineering.ch\/wp-content\/uploads\/2025\/04\/PHOTO-2024-10-17-17-12-19.jpg\" alt=\"\" class=\"wp-image-70\" srcset=\"https:\/\/cyc-engineering.ch\/wp-content\/uploads\/2025\/04\/PHOTO-2024-10-17-17-12-19.jpg 2048w, https:\/\/cyc-engineering.ch\/wp-content\/uploads\/2025\/04\/PHOTO-2024-10-17-17-12-19-300x135.jpg 300w, https:\/\/cyc-engineering.ch\/wp-content\/uploads\/2025\/04\/PHOTO-2024-10-17-17-12-19-1024x462.jpg 1024w, https:\/\/cyc-engineering.ch\/wp-content\/uploads\/2025\/04\/PHOTO-2024-10-17-17-12-19-768x346.jpg 768w, https:\/\/cyc-engineering.ch\/wp-content\/uploads\/2025\/04\/PHOTO-2024-10-17-17-12-19-1536x692.jpg 1536w\" sizes=\"auto, (max-width: 2048px) 100vw, 2048px\" \/><\/figure>\n\n\n\n<div class=\"wp-block-group has-gray-background-color has-background is-layout-constrained wp-container-core-group-is-layout-dbf27b9b wp-block-group-is-layout-constrained\" style=\"padding-top:var(--wp--preset--spacing--small);padding-right:var(--wp--preset--spacing--small);padding-bottom:var(--wp--preset--spacing--small);padding-left:var(--wp--preset--spacing--small)\">\n<h3 class=\"wp-block-heading has-normal-font-size\">Infrastruktur-Management Gr\u00fcnfl\u00e4chen &amp; Strassenraum<\/h3>\n\n\n\n<p class=\"has-normal-font-size\">Betrieblicher und baulicher Unterhalt, Monitoring und Inspektionen<\/p>\n<\/div>\n<\/div>\n\n\n\n<div class=\"wp-block-column is-layout-flow wp-block-column-is-layout-flow\">\n<figure class=\"wp-block-image size-full\"><img loading=\"lazy\" decoding=\"async\" width=\"2048\" height=\"1152\" src=\"https:\/\/cyc-engineering.ch\/wp-content\/uploads\/2025\/04\/PHOTO-2024-05-24-11-40-47-edited.jpg\" alt=\"\" class=\"wp-image-73\" srcset=\"https:\/\/cyc-engineering.ch\/wp-content\/uploads\/2025\/04\/PHOTO-2024-05-24-11-40-47-edited.jpg 2048w, https:\/\/cyc-engineering.ch\/wp-content\/uploads\/2025\/04\/PHOTO-2024-05-24-11-40-47-edited-300x169.jpg 300w, https:\/\/cyc-engineering.ch\/wp-content\/uploads\/2025\/04\/PHOTO-2024-05-24-11-40-47-edited-1024x576.jpg 1024w, https:\/\/cyc-engineering.ch\/wp-content\/uploads\/2025\/04\/PHOTO-2024-05-24-11-40-47-edited-768x432.jpg 768w, https:\/\/cyc-engineering.ch\/wp-content\/uploads\/2025\/04\/PHOTO-2024-05-24-11-40-47-edited-1536x864.jpg 1536w\" sizes=\"auto, (max-width: 2048px) 100vw, 2048px\" \/><\/figure>\n\n\n\n<div class=\"wp-block-group has-gray-background-color has-background is-layout-constrained wp-container-core-group-is-layout-dbf27b9b wp-block-group-is-layout-constrained\" style=\"padding-top:var(--wp--preset--spacing--small);padding-right:var(--wp--preset--spacing--small);padding-bottom:var(--wp--preset--spacing--small);padding-left:var(--wp--preset--spacing--small)\">\n<h3 class=\"wp-block-heading has-normal-font-size\">Analyse &amp; Auswertung von Strassen-informationen<\/h3>\n\n\n\n<p class=\"has-normal-font-size\">GIS-Analysen, thematische Karten, Mengenger\u00fcste und Berichte<\/p>\n<\/div>\n<\/div>\n<\/div>\n\n\n\n<div style=\"height:2rem\" aria-hidden=\"true\" class=\"wp-block-spacer\"><\/div>\n<\/div>\n\n\n\n<div class=\"wp-block-cover alignfull has-parallax\"><span aria-hidden=\"true\" class=\"wp-block-cover__background has-background-dim-10 has-background-dim\" style=\"background-color:#8e765a\"><\/span><div class=\"wp-block-cover__image-background wp-image-74 has-parallax\" style=\"background-position:50% 50%;background-image:url(https:\/\/cyc-engineering.ch\/wp-content\/uploads\/2025\/04\/PHOTO-2024-05-16-19-23-45.jpg)\"><\/div><div class=\"wp-block-cover__inner-container is-layout-flow wp-block-cover-is-layout-flow\">\n<div class=\"wp-block-group p-animation-text-transform is-layout-constrained wp-block-group-is-layout-constrained\">\n<h2 class=\"wp-block-heading has-text-align-center has-white-color has-text-color has-x-large-font-size\">Contact<\/h2>\n\n\n\n<p class=\"has-text-align-center has-white-color has-text-color\">Haben Sie eine Frage? Ein Projekt, bei welchem wir Sie unterst\u00fctzen k\u00f6nnten? Wir freuen uns auf Ihre Kontaktaufnahme!<\/p>\n\n\n\n<div style=\"height:8px\" aria-hidden=\"true\" class=\"wp-block-spacer\"><\/div>\n\n\n\n<div class=\"wp-block-buttons is-layout-flex wp-block-buttons-is-layout-flex\">\n<div class=\"wp-block-button aligncenter p-btn-animation-border-move p-animation-text-transform is-style-fill\"><a class=\"wp-block-button__link has-background wp-element-button\" style=\"background-color:#4b7333\" rel=\"&quot;mailto:info@cyc-engineering.ch&quot;\"><span>Contact<\/span><\/a><\/div>\n<\/div>\n<\/div>\n<\/div><\/div>\n\n\n\n<div class=\"wp-block-group team-members-pattern p-animation-zoom-in is-layout-flow wp-block-group-is-layout-flow\" style=\"padding-top:var(--wp--preset--spacing--large);padding-bottom:var(--wp--preset--spacing--large)\">\n<h2 class=\"wp-block-heading has-text-align-center has-large-font-size\" id=\"aboutme\">About<\/h2>\n\n\n\n<div style=\"height:0px\" aria-hidden=\"true\" class=\"wp-block-spacer\"><\/div>\n\n\n\n<p class=\"has-text-align-center has-normal-font-size\"><em>\u201eWir k\u00f6nnen den Wind nicht \u00e4ndern, aber die Segel anders setzen&#8220; <\/em><\/p>\n\n\n\n<p class=\"has-text-align-center has-small-font-size\" style=\"line-height:1.1\">(Aristoteles)<\/p>\n\n\n\n<p><\/p>\n\n\n\n<p class=\"has-text-align-center\" style=\"line-height:1.4\">Gegr\u00fcndet als Familienunternehmen im Jahr 2004 in Bern, nimmt die cyc! engineering GmbH ihre Gesch\u00e4ftst\u00e4tigkeit 2025 im kleinen Rahmen wieder auf. Ich freue mich auf alle zuk\u00fcnftigen Projekte und Herausforderungen.<\/p>\n\n\n\n<div class=\"wp-block-columns is-layout-flex wp-container-core-columns-is-layout-b8f50212 wp-block-columns-is-layout-flex\" style=\"padding-top:0;padding-right:0;padding-bottom:0;padding-left:0\">\n<div class=\"wp-block-column is-layout-flow wp-block-column-is-layout-flow\" style=\"padding-top:var(--wp--preset--spacing--small);padding-bottom:var(--wp--preset--spacing--small)\">\n<h4 class=\"wp-block-heading has-text-align-center\">Thomas Imbaumgarten<\/h4>\n\n\n\n<figure class=\"wp-block-image aligncenter size-full is-resized has-custom-border\"><img loading=\"lazy\" decoding=\"async\" width=\"893\" height=\"893\" src=\"https:\/\/cyc-engineering.ch\/wp-content\/uploads\/2025\/04\/D7A2178-edited-1.jpg\" alt=\"\" class=\"wp-image-46\" style=\"border-radius:50%;width:120px\" srcset=\"https:\/\/cyc-engineering.ch\/wp-content\/uploads\/2025\/04\/D7A2178-edited-1.jpg 893w, https:\/\/cyc-engineering.ch\/wp-content\/uploads\/2025\/04\/D7A2178-edited-1-300x300.jpg 300w, https:\/\/cyc-engineering.ch\/wp-content\/uploads\/2025\/04\/D7A2178-edited-1-150x150.jpg 150w, https:\/\/cyc-engineering.ch\/wp-content\/uploads\/2025\/04\/D7A2178-edited-1-768x768.jpg 768w\" sizes=\"auto, (max-width: 893px) 100vw, 893px\" \/><\/figure>\n\n\n\n<p class=\"has-text-align-center has-normal-font-size\" style=\"line-height:0.9\">dipl. geogr. UniZH<\/p>\n\n\n\n<p class=\"has-text-align-center has-normal-font-size\" style=\"line-height:0.9\">Projektleiter und Gesch\u00e4ftsf\u00fchrer<\/p>\n<\/div>\n<\/div>\n<\/div>\n\n\n\n<p><\/p>\n","protected":false},"excerpt":{"rendered":"<p>Praxis- &amp; prozessorientiert Orientierung und Kalibrierung an Praxis und konkreten Anwendungsf\u00e4llen. Quantitativ &amp; qualitativ Abbildung&hellip;<\/p>\n","protected":false},"author":1,"featured_media":0,"parent":0,"menu_order":0,"comment_status":"closed","ping_status":"closed","template":"","meta":{"_monsterinsights_skip_tracking":false,"_monsterinsights_sitenote_active":false,"_monsterinsights_sitenote_note":"","_monsterinsights_sitenote_category":0,"footnotes":""},"class_list":["post-9","page","type-page","status-publish","hentry"],"yoast_head":"<!-- This site is optimized with the Yoast SEO plugin v24.8.1 - https:\/\/yoast.com\/wordpress\/plugins\/seo\/ -->\n<title>Home -<\/title>\n<meta name=\"robots\" content=\"index, follow, max-snippet:-1, max-image-preview:large, max-video-preview:-1\" \/>\n<link rel=\"canonical\" href=\"https:\/\/cyc-engineering.ch\/\" \/>\n<meta property=\"og:locale\" content=\"de_DE\" \/>\n<meta property=\"og:type\" content=\"article\" \/>\n<meta property=\"og:title\" content=\"Home -\" \/>\n<meta property=\"og:description\" content=\"Praxis- &amp; prozessorientiert Orientierung und Kalibrierung an Praxis und konkreten Anwendungsf\u00e4llen. Quantitativ &amp; qualitativ Abbildung&hellip;\" \/>\n<meta property=\"og:url\" content=\"https:\/\/cyc-engineering.ch\/\" \/>\n<meta property=\"article:modified_time\" content=\"2025-04-08T17:17:04+00:00\" \/>\n<meta property=\"og:image\" content=\"https:\/\/cyc-engineering.ch\/wp-content\/uploads\/2025\/04\/IMG_7334-1-edited-scaled.jpg\" \/>\n\t<meta property=\"og:image:width\" content=\"2560\" \/>\n\t<meta property=\"og:image:height\" content=\"1440\" \/>\n\t<meta property=\"og:image:type\" content=\"image\/jpeg\" \/>\n<meta name=\"twitter:card\" content=\"summary_large_image\" \/>\n<meta name=\"twitter:label1\" content=\"Gesch\u00e4tzte Lesezeit\" \/>\n\t<meta name=\"twitter:data1\" content=\"3\u00a0Minuten\" \/>\n<script type=\"application\/ld+json\" class=\"yoast-schema-graph\">{\"@context\":\"https:\/\/schema.org\",\"@graph\":[{\"@type\":\"WebPage\",\"@id\":\"https:\/\/cyc-engineering.ch\/\",\"url\":\"https:\/\/cyc-engineering.ch\/\",\"name\":\"Home -\",\"isPartOf\":{\"@id\":\"https:\/\/cyc-engineering.ch\/#website\"},\"primaryImageOfPage\":{\"@id\":\"https:\/\/cyc-engineering.ch\/#primaryimage\"},\"image\":{\"@id\":\"https:\/\/cyc-engineering.ch\/#primaryimage\"},\"thumbnailUrl\":\"https:\/\/cyc-engineering.ch\/wp-content\/uploads\/2025\/04\/IMG_7334-1-edited-scaled.jpg\",\"datePublished\":\"2025-04-06T14:56:08+00:00\",\"dateModified\":\"2025-04-08T17:17:04+00:00\",\"breadcrumb\":{\"@id\":\"https:\/\/cyc-engineering.ch\/#breadcrumb\"},\"inLanguage\":\"de\",\"potentialAction\":[{\"@type\":\"ReadAction\",\"target\":[\"https:\/\/cyc-engineering.ch\/\"]}]},{\"@type\":\"ImageObject\",\"inLanguage\":\"de\",\"@id\":\"https:\/\/cyc-engineering.ch\/#primaryimage\",\"url\":\"https:\/\/cyc-engineering.ch\/wp-content\/uploads\/2025\/04\/IMG_7334-1-edited-scaled.jpg\",\"contentUrl\":\"https:\/\/cyc-engineering.ch\/wp-content\/uploads\/2025\/04\/IMG_7334-1-edited-scaled.jpg\",\"width\":2560,\"height\":1440},{\"@type\":\"BreadcrumbList\",\"@id\":\"https:\/\/cyc-engineering.ch\/#breadcrumb\",\"itemListElement\":[{\"@type\":\"ListItem\",\"position\":1,\"name\":\"Startseite\",\"item\":\"https:\/\/cyc-engineering.ch\/\"},{\"@type\":\"ListItem\",\"position\":2,\"name\":\"Home\"}]},{\"@type\":\"WebSite\",\"@id\":\"https:\/\/cyc-engineering.ch\/#website\",\"url\":\"https:\/\/cyc-engineering.ch\/\",\"name\":\"\",\"description\":\"\",\"potentialAction\":[{\"@type\":\"SearchAction\",\"target\":{\"@type\":\"EntryPoint\",\"urlTemplate\":\"https:\/\/cyc-engineering.ch\/?s={search_term_string}\"},\"query-input\":{\"@type\":\"PropertyValueSpecification\",\"valueRequired\":true,\"valueName\":\"search_term_string\"}}],\"inLanguage\":\"de\"}]}<\/script>\n<!-- \/ Yoast SEO plugin. -->","yoast_head_json":{"title":"Home -","robots":{"index":"index","follow":"follow","max-snippet":"max-snippet:-1","max-image-preview":"max-image-preview:large","max-video-preview":"max-video-preview:-1"},"canonical":"https:\/\/cyc-engineering.ch\/","og_locale":"de_DE","og_type":"article","og_title":"Home -","og_description":"Praxis- &amp; prozessorientiert Orientierung und Kalibrierung an Praxis und konkreten Anwendungsf\u00e4llen. Quantitativ &amp; qualitativ Abbildung&hellip;","og_url":"https:\/\/cyc-engineering.ch\/","article_modified_time":"2025-04-08T17:17:04+00:00","og_image":[{"width":2560,"height":1440,"url":"https:\/\/cyc-engineering.ch\/wp-content\/uploads\/2025\/04\/IMG_7334-1-edited-scaled.jpg","type":"image\/jpeg"}],"twitter_card":"summary_large_image","twitter_misc":{"Gesch\u00e4tzte Lesezeit":"3\u00a0Minuten"},"schema":{"@context":"https:\/\/schema.org","@graph":[{"@type":"WebPage","@id":"https:\/\/cyc-engineering.ch\/","url":"https:\/\/cyc-engineering.ch\/","name":"Home -","isPartOf":{"@id":"https:\/\/cyc-engineering.ch\/#website"},"primaryImageOfPage":{"@id":"https:\/\/cyc-engineering.ch\/#primaryimage"},"image":{"@id":"https:\/\/cyc-engineering.ch\/#primaryimage"},"thumbnailUrl":"https:\/\/cyc-engineering.ch\/wp-content\/uploads\/2025\/04\/IMG_7334-1-edited-scaled.jpg","datePublished":"2025-04-06T14:56:08+00:00","dateModified":"2025-04-08T17:17:04+00:00","breadcrumb":{"@id":"https:\/\/cyc-engineering.ch\/#breadcrumb"},"inLanguage":"de","potentialAction":[{"@type":"ReadAction","target":["https:\/\/cyc-engineering.ch\/"]}]},{"@type":"ImageObject","inLanguage":"de","@id":"https:\/\/cyc-engineering.ch\/#primaryimage","url":"https:\/\/cyc-engineering.ch\/wp-content\/uploads\/2025\/04\/IMG_7334-1-edited-scaled.jpg","contentUrl":"https:\/\/cyc-engineering.ch\/wp-content\/uploads\/2025\/04\/IMG_7334-1-edited-scaled.jpg","width":2560,"height":1440},{"@type":"BreadcrumbList","@id":"https:\/\/cyc-engineering.ch\/#breadcrumb","itemListElement":[{"@type":"ListItem","position":1,"name":"Startseite","item":"https:\/\/cyc-engineering.ch\/"},{"@type":"ListItem","position":2,"name":"Home"}]},{"@type":"WebSite","@id":"https:\/\/cyc-engineering.ch\/#website","url":"https:\/\/cyc-engineering.ch\/","name":"","description":"","potentialAction":[{"@type":"SearchAction","target":{"@type":"EntryPoint","urlTemplate":"https:\/\/cyc-engineering.ch\/?s={search_term_string}"},"query-input":{"@type":"PropertyValueSpecification","valueRequired":true,"valueName":"search_term_string"}}],"inLanguage":"de"}]}},"_links":{"self":[{"href":"https:\/\/cyc-engineering.ch\/index.php\/wp-json\/wp\/v2\/pages\/9","targetHints":{"allow":["GET"]}}],"collection":[{"href":"https:\/\/cyc-engineering.ch\/index.php\/wp-json\/wp\/v2\/pages"}],"about":[{"href":"https:\/\/cyc-engineering.ch\/index.php\/wp-json\/wp\/v2\/types\/page"}],"author":[{"embeddable":true,"href":"https:\/\/cyc-engineering.ch\/index.php\/wp-json\/wp\/v2\/users\/1"}],"replies":[{"embeddable":true,"href":"https:\/\/cyc-engineering.ch\/index.php\/wp-json\/wp\/v2\/comments?post=9"}],"version-history":[{"count":22,"href":"https:\/\/cyc-engineering.ch\/index.php\/wp-json\/wp\/v2\/pages\/9\/revisions"}],"predecessor-version":[{"id":111,"href":"https:\/\/cyc-engineering.ch\/index.php\/wp-json\/wp\/v2\/pages\/9\/revisions\/111"}],"wp:attachment":[{"href":"https:\/\/cyc-engineering.ch\/index.php\/wp-json\/wp\/v2\/media?parent=9"}],"curies":[{"name":"wp","href":"https:\/\/api.w.org\/{rel}","templated":true}]}}